{"id":90,"date":"2020-12-20T20:39:48","date_gmt":"2020-12-20T20:39:48","guid":{"rendered":"https:\/\/productionserver.in\/uhrteilags-new\/en\/?page_id=90"},"modified":"2021-01-26T18:44:52","modified_gmt":"2021-01-26T18:44:52","slug":"about-uhrteil-ag","status":"publish","type":"page","link":"https:\/\/uhrteil.ch\/en\/about-uhrteil-ag\/","title":{"rendered":"About UhrTeil AG"},"content":{"rendered":"<body>\n<div class=\"cols cols2 flex flex-wrap flex-align-equal\">\n<div class=\"col\">\n<h5>Competence in Micromechanics<\/h5>\n<h6>UhrTeil AG is a micromechanical design, engineering and manufacturing enterprise in Sirnach, near Lake Constance, in the German speaking part of Switzerland.<\/h6>\n<p>UhrTeil AG was founded and is managed by Andreas Strehler who works as an independent watchmaker since 1995. He designs, constructs and manufactures complicated watches under his own name. He is a Prix Ga\u00efa laureate and a member of the AHCI, the Acad\u00e9mie Horlog\u00e8re des Cr\u00e9ateurs Ind\u00e9pendants.<\/p>\n<p>UhrTeil AG was founded in 2005 as Andreas Strehler\u2019s movement production company and to develop, design and manufacture movements and components for the watch industry.<\/p>\n<\/div>\n<div class=\"col\">\n<p>Today, UhrTeil AG offers a wide variety of services in micromechanics to customers from different industries.<\/p>\n<p>UhrTeil AG is an experienced partner for the construction and manufacturing of escapements, micromechanical differential gears, conical angular gears, planetary gears, complex internal and external gears and micro ball-bearings. For its conical angular gears, UhrTeil AG has developed an optimised proprietary teeth design.<\/p>\n<p>With its know-how, UhrTeil AG is capable of developing micromechanical parts \u2013 from single components to complete watch movements \u2013 at short notice at rapidly.<\/p>\n<p>In addition to the development of new solutions, UhrTeil AG also offers the re-engineering of the constructions of its customers, reverse-engineering of existing parts and the optimisation of constructions in respect of function and efficient production (industrialisation).<\/p>\n<\/div>\n<\/div>\n<div class=\"cols cols1\">\n<div class=\"col\">\n<p>Many customers use the flexible production capabilities for the outsourcing of the manufacturing of micromechanical components and groups of components in small and medium quantities.<\/p>\n<p>In our production, the focus lies on the optimal co-ordination of different production processes, i.e. the combination of CNC-milling and wire eroding (EDM) or turning and wire eroding, to ensure perfect compatibility of the individual components.<\/p>\n<p>Laser engraving in various depths and laser texturing of surfaces of micromechanical and small components completes UhrTeil AG\u2019s palette of production technologies.<\/p>\n<\/div>\n<\/div>\n<\/body>","protected":false},"excerpt":{"rendered":"<p>Competence in Micromechanics UhrTeil AG is a micromechanical design, engineering and manufacturing enterprise in Sirnach, near Lake Constance, in the German speaking part of Switzerland. UhrTeil AG was founded and is managed by Andreas Strehler who works as an independent watchmaker since 1995. He designs, constructs and manufactures complicated watches [&hellip;]<\/p>\n","protected":false},"author":1,"featured_media":71,"parent":0,"menu_order":0,"comment_status":"closed","ping_status":"closed","template":"template-parts\/about.php","meta":{"_acf_changed":false,"_crdt_document":"","om_disable_all_campaigns":false,"ngg_post_thumbnail":0,"footnotes":""},"class_list":["post-90","page","type-page","status-publish","has-post-thumbnail","hentry"],"acf":[],"yoast_head":"<!-- This site is optimized with the Yoast SEO plugin v27.6 - https:\/\/yoast.com\/product\/yoast-seo-wordpress\/ -->\n<title>About UhrTeil AG - UhrTeil AG<\/title>\n<meta name=\"robots\" content=\"index, follow, max-snippet:-1, max-image-preview:large, max-video-preview:-1\" \/>\n<link rel=\"canonical\" href=\"https:\/\/uhrteil.ch\/en\/about-uhrteil-ag\/\" \/>\n<meta property=\"og:locale\" content=\"en_US\" \/>\n<meta property=\"og:type\" content=\"article\" \/>\n<meta property=\"og:title\" content=\"About UhrTeil AG - UhrTeil AG\" \/>\n<meta property=\"og:description\" content=\"Competence in Micromechanics UhrTeil AG is a micromechanical design, engineering and manufacturing enterprise in Sirnach, near Lake Constance, in the German speaking part of Switzerland. UhrTeil AG was founded and is managed by Andreas Strehler who works as an independent watchmaker since 1995. He designs, constructs and manufactures complicated watches [&hellip;]\" \/>\n<meta property=\"og:url\" content=\"https:\/\/uhrteil.ch\/en\/about-uhrteil-ag\/\" \/>\n<meta property=\"og:site_name\" content=\"UhrTeil AG\" \/>\n<meta property=\"article:modified_time\" content=\"2021-01-26T18:44:52+00:00\" \/>\n<meta property=\"og:image\" content=\"https:\/\/uhrteil.ch\/en\/wp-content\/uploads\/2020\/12\/UhrTeil-engineering-facility.jpg\" \/>\n\t<meta property=\"og:image:width\" content=\"2200\" \/>\n\t<meta property=\"og:image:height\" content=\"1225\" \/>\n\t<meta property=\"og:image:type\" content=\"image\/jpeg\" \/>\n<meta name=\"twitter:card\" content=\"summary_large_image\" \/>\n<meta name=\"twitter:label1\" content=\"Est. reading time\" \/>\n\t<meta name=\"twitter:data1\" content=\"2 minutes\" \/>\n<script type=\"application\/ld+json\" class=\"yoast-schema-graph\">{\"@context\":\"https:\\\/\\\/schema.org\",\"@graph\":[{\"@type\":\"WebPage\",\"@id\":\"https:\\\/\\\/uhrteil.ch\\\/en\\\/about-uhrteil-ag\\\/\",\"url\":\"https:\\\/\\\/uhrteil.ch\\\/en\\\/about-uhrteil-ag\\\/\",\"name\":\"About UhrTeil AG - UhrTeil AG\",\"isPartOf\":{\"@id\":\"https:\\\/\\\/uhrteil.ch\\\/en\\\/#website\"},\"primaryImageOfPage\":{\"@id\":\"https:\\\/\\\/uhrteil.ch\\\/en\\\/about-uhrteil-ag\\\/#primaryimage\"},\"image\":{\"@id\":\"https:\\\/\\\/uhrteil.ch\\\/en\\\/about-uhrteil-ag\\\/#primaryimage\"},\"thumbnailUrl\":\"https:\\\/\\\/uhrteil.ch\\\/en\\\/wp-content\\\/uploads\\\/2020\\\/12\\\/UhrTeil-engineering-facility.jpg\",\"datePublished\":\"2020-12-20T20:39:48+00:00\",\"dateModified\":\"2021-01-26T18:44:52+00:00\",\"breadcrumb\":{\"@id\":\"https:\\\/\\\/uhrteil.ch\\\/en\\\/about-uhrteil-ag\\\/#breadcrumb\"},\"inLanguage\":\"en-US\",\"potentialAction\":[{\"@type\":\"ReadAction\",\"target\":[\"https:\\\/\\\/uhrteil.ch\\\/en\\\/about-uhrteil-ag\\\/\"]}]},{\"@type\":\"ImageObject\",\"inLanguage\":\"en-US\",\"@id\":\"https:\\\/\\\/uhrteil.ch\\\/en\\\/about-uhrteil-ag\\\/#primaryimage\",\"url\":\"https:\\\/\\\/uhrteil.ch\\\/en\\\/wp-content\\\/uploads\\\/2020\\\/12\\\/UhrTeil-engineering-facility.jpg\",\"contentUrl\":\"https:\\\/\\\/uhrteil.ch\\\/en\\\/wp-content\\\/uploads\\\/2020\\\/12\\\/UhrTeil-engineering-facility.jpg\",\"width\":2200,\"height\":1225},{\"@type\":\"BreadcrumbList\",\"@id\":\"https:\\\/\\\/uhrteil.ch\\\/en\\\/about-uhrteil-ag\\\/#breadcrumb\",\"itemListElement\":[{\"@type\":\"ListItem\",\"position\":1,\"name\":\"Home\",\"item\":\"https:\\\/\\\/uhrteil.ch\\\/en\\\/\"},{\"@type\":\"ListItem\",\"position\":2,\"name\":\"About UhrTeil AG\"}]},{\"@type\":\"WebSite\",\"@id\":\"https:\\\/\\\/uhrteil.ch\\\/en\\\/#website\",\"url\":\"https:\\\/\\\/uhrteil.ch\\\/en\\\/\",\"name\":\"UhrTeil AG\",\"description\":\"Micro mechanical solutions\",\"publisher\":{\"@id\":\"https:\\\/\\\/uhrteil.ch\\\/en\\\/#organization\"},\"potentialAction\":[{\"@type\":\"SearchAction\",\"target\":{\"@type\":\"EntryPoint\",\"urlTemplate\":\"https:\\\/\\\/uhrteil.ch\\\/en\\\/?s={search_term_string}\"},\"query-input\":{\"@type\":\"PropertyValueSpecification\",\"valueRequired\":true,\"valueName\":\"search_term_string\"}}],\"inLanguage\":\"en-US\"},{\"@type\":\"Organization\",\"@id\":\"https:\\\/\\\/uhrteil.ch\\\/en\\\/#organization\",\"name\":\"UhrTeil AG\",\"url\":\"https:\\\/\\\/uhrteil.ch\\\/en\\\/\",\"logo\":{\"@type\":\"ImageObject\",\"inLanguage\":\"en-US\",\"@id\":\"https:\\\/\\\/uhrteil.ch\\\/en\\\/#\\\/schema\\\/logo\\\/image\\\/\",\"url\":\"https:\\\/\\\/uhrteil.ch\\\/en\\\/wp-content\\\/uploads\\\/2022\\\/05\\\/cropped-logo-tab-UTAG.png\",\"contentUrl\":\"https:\\\/\\\/uhrteil.ch\\\/en\\\/wp-content\\\/uploads\\\/2022\\\/05\\\/cropped-logo-tab-UTAG.png\",\"width\":512,\"height\":512,\"caption\":\"UhrTeil AG\"},\"image\":{\"@id\":\"https:\\\/\\\/uhrteil.ch\\\/en\\\/#\\\/schema\\\/logo\\\/image\\\/\"},\"sameAs\":[\"https:\\\/\\\/www.linkedin.com\\\/company\\\/uhrteil-ag\\\/\"]}]}<\/script>\n<!-- \/ Yoast SEO plugin. -->","yoast_head_json":{"title":"About UhrTeil AG - UhrTeil AG","robots":{"index":"index","follow":"follow","max-snippet":"max-snippet:-1","max-image-preview":"max-image-preview:large","max-video-preview":"max-video-preview:-1"},"canonical":"https:\/\/uhrteil.ch\/en\/about-uhrteil-ag\/","og_locale":"en_US","og_type":"article","og_title":"About UhrTeil AG - UhrTeil AG","og_description":"Competence in Micromechanics UhrTeil AG is a micromechanical design, engineering and manufacturing enterprise in Sirnach, near Lake Constance, in the German speaking part of Switzerland. UhrTeil AG was founded and is managed by Andreas Strehler who works as an independent watchmaker since 1995. He designs, constructs and manufactures complicated watches [&hellip;]","og_url":"https:\/\/uhrteil.ch\/en\/about-uhrteil-ag\/","og_site_name":"UhrTeil AG","article_modified_time":"2021-01-26T18:44:52+00:00","og_image":[{"width":2200,"height":1225,"url":"https:\/\/uhrteil.ch\/en\/wp-content\/uploads\/2020\/12\/UhrTeil-engineering-facility.jpg","type":"image\/jpeg"}],"twitter_card":"summary_large_image","twitter_misc":{"Est. reading time":"2 minutes"},"schema":{"@context":"https:\/\/schema.org","@graph":[{"@type":"WebPage","@id":"https:\/\/uhrteil.ch\/en\/about-uhrteil-ag\/","url":"https:\/\/uhrteil.ch\/en\/about-uhrteil-ag\/","name":"About UhrTeil AG - UhrTeil AG","isPartOf":{"@id":"https:\/\/uhrteil.ch\/en\/#website"},"primaryImageOfPage":{"@id":"https:\/\/uhrteil.ch\/en\/about-uhrteil-ag\/#primaryimage"},"image":{"@id":"https:\/\/uhrteil.ch\/en\/about-uhrteil-ag\/#primaryimage"},"thumbnailUrl":"https:\/\/uhrteil.ch\/en\/wp-content\/uploads\/2020\/12\/UhrTeil-engineering-facility.jpg","datePublished":"2020-12-20T20:39:48+00:00","dateModified":"2021-01-26T18:44:52+00:00","breadcrumb":{"@id":"https:\/\/uhrteil.ch\/en\/about-uhrteil-ag\/#breadcrumb"},"inLanguage":"en-US","potentialAction":[{"@type":"ReadAction","target":["https:\/\/uhrteil.ch\/en\/about-uhrteil-ag\/"]}]},{"@type":"ImageObject","inLanguage":"en-US","@id":"https:\/\/uhrteil.ch\/en\/about-uhrteil-ag\/#primaryimage","url":"https:\/\/uhrteil.ch\/en\/wp-content\/uploads\/2020\/12\/UhrTeil-engineering-facility.jpg","contentUrl":"https:\/\/uhrteil.ch\/en\/wp-content\/uploads\/2020\/12\/UhrTeil-engineering-facility.jpg","width":2200,"height":1225},{"@type":"BreadcrumbList","@id":"https:\/\/uhrteil.ch\/en\/about-uhrteil-ag\/#breadcrumb","itemListElement":[{"@type":"ListItem","position":1,"name":"Home","item":"https:\/\/uhrteil.ch\/en\/"},{"@type":"ListItem","position":2,"name":"About UhrTeil AG"}]},{"@type":"WebSite","@id":"https:\/\/uhrteil.ch\/en\/#website","url":"https:\/\/uhrteil.ch\/en\/","name":"UhrTeil AG","description":"Micro mechanical solutions","publisher":{"@id":"https:\/\/uhrteil.ch\/en\/#organization"},"potentialAction":[{"@type":"SearchAction","target":{"@type":"EntryPoint","urlTemplate":"https:\/\/uhrteil.ch\/en\/?s={search_term_string}"},"query-input":{"@type":"PropertyValueSpecification","valueRequired":true,"valueName":"search_term_string"}}],"inLanguage":"en-US"},{"@type":"Organization","@id":"https:\/\/uhrteil.ch\/en\/#organization","name":"UhrTeil AG","url":"https:\/\/uhrteil.ch\/en\/","logo":{"@type":"ImageObject","inLanguage":"en-US","@id":"https:\/\/uhrteil.ch\/en\/#\/schema\/logo\/image\/","url":"https:\/\/uhrteil.ch\/en\/wp-content\/uploads\/2022\/05\/cropped-logo-tab-UTAG.png","contentUrl":"https:\/\/uhrteil.ch\/en\/wp-content\/uploads\/2022\/05\/cropped-logo-tab-UTAG.png","width":512,"height":512,"caption":"UhrTeil AG"},"image":{"@id":"https:\/\/uhrteil.ch\/en\/#\/schema\/logo\/image\/"},"sameAs":["https:\/\/www.linkedin.com\/company\/uhrteil-ag\/"]}]}},"_links":{"self":[{"href":"https:\/\/uhrteil.ch\/en\/wp-json\/wp\/v2\/pages\/90","targetHints":{"allow":["GET"]}}],"collection":[{"href":"https:\/\/uhrteil.ch\/en\/wp-json\/wp\/v2\/pages"}],"about":[{"href":"https:\/\/uhrteil.ch\/en\/wp-json\/wp\/v2\/types\/page"}],"author":[{"embeddable":true,"href":"https:\/\/uhrteil.ch\/en\/wp-json\/wp\/v2\/users\/1"}],"replies":[{"embeddable":true,"href":"https:\/\/uhrteil.ch\/en\/wp-json\/wp\/v2\/comments?post=90"}],"version-history":[{"count":5,"href":"https:\/\/uhrteil.ch\/en\/wp-json\/wp\/v2\/pages\/90\/revisions"}],"predecessor-version":[{"id":170,"href":"https:\/\/uhrteil.ch\/en\/wp-json\/wp\/v2\/pages\/90\/revisions\/170"}],"wp:featuredmedia":[{"embeddable":true,"href":"https:\/\/uhrteil.ch\/en\/wp-json\/wp\/v2\/media\/71"}],"wp:attachment":[{"href":"https:\/\/uhrteil.ch\/en\/wp-json\/wp\/v2\/media?parent=90"}],"curies":[{"name":"wp","href":"https:\/\/api.w.org\/{rel}","templated":true}]}}